{"id":15024435,"date":"2024-04-12T11:42:29","date_gmt":"2024-04-12T09:42:29","guid":{"rendered":"https:\/\/cyclemasters.com\/?page_id=15024435"},"modified":"2025-07-08T11:21:54","modified_gmt":"2025-07-08T09:21:54","slug":"algemene-voorwaarden","status":"publish","type":"page","link":"https:\/\/cyclemasters.com\/nl\/algemene-voorwaarden","title":{"rendered":"Algemene voorwaarden"},"content":{"rendered":"\t\t<div data-elementor-type=\"wp-page\" data-elementor-id=\"15024435\" class=\"elementor elementor-15024435\" data-elementor-settings=\"{&quot;element_pack_global_tooltip_width&quot;:{&quot;unit&quot;:&quot;px&quot;,&quot;size&quot;:&quot;&quot;,&quot;sizes&quot;:[]},&quot;element_pack_global_tooltip_width_laptop&quot;:{&quot;unit&quot;:&quot;px&quot;,&quot;size&quot;:&quot;&quot;,&quot;sizes&quot;:[]},&quot;element_pack_global_tooltip_width_tablet_extra&quot;:{&quot;unit&quot;:&quot;px&quot;,&quot;size&quot;:&quot;&quot;,&quot;sizes&quot;:[]},&quot;element_pack_global_tooltip_width_tablet&quot;:{&quot;unit&quot;:&quot;px&quot;,&quot;size&quot;:&quot;&quot;,&quot;sizes&quot;:[]},&quot;element_pack_global_tooltip_width_mobile_extra&quot;:{&quot;unit&quot;:&quot;px&quot;,&quot;size&quot;:&quot;&quot;,&quot;sizes&quot;:[]},&quot;element_pack_global_tooltip_width_mobile&quot;:{&quot;unit&quot;:&quot;px&quot;,&quot;size&quot;:&quot;&quot;,&quot;sizes&quot;:[]},&quot;element_pack_global_tooltip_padding&quot;:{&quot;unit&quot;:&quot;px&quot;,&quot;top&quot;:&quot;&quot;,&quot;right&quot;:&quot;&quot;,&quot;bottom&quot;:&quot;&quot;,&quot;left&quot;:&quot;&quot;,&quot;isLinked&quot;:true},&quot;element_pack_global_tooltip_padding_laptop&quot;:{&quot;unit&quot;:&quot;px&quot;,&quot;top&quot;:&quot;&quot;,&quot;right&quot;:&quot;&quot;,&quot;bottom&quot;:&quot;&quot;,&quot;left&quot;:&quot;&quot;,&quot;isLinked&quot;:true},&quot;element_pack_global_tooltip_padding_tablet_extra&quot;:{&quot;unit&quot;:&quot;px&quot;,&quot;top&quot;:&quot;&quot;,&quot;right&quot;:&quot;&quot;,&quot;bottom&quot;:&quot;&quot;,&quot;left&quot;:&quot;&quot;,&quot;isLinked&quot;:true},&quot;element_pack_global_tooltip_padding_tablet&quot;:{&quot;unit&quot;:&quot;px&quot;,&quot;top&quot;:&quot;&quot;,&quot;right&quot;:&quot;&quot;,&quot;bottom&quot;:&quot;&quot;,&quot;left&quot;:&quot;&quot;,&quot;isLinked&quot;:true},&quot;element_pack_global_tooltip_padding_mobile_extra&quot;:{&quot;unit&quot;:&quot;px&quot;,&quot;top&quot;:&quot;&quot;,&quot;right&quot;:&quot;&quot;,&quot;bottom&quot;:&quot;&quot;,&quot;left&quot;:&quot;&quot;,&quot;isLinked&quot;:true},&quot;element_pack_global_tooltip_padding_mobile&quot;:{&quot;unit&quot;:&quot;px&quot;,&quot;top&quot;:&quot;&quot;,&quot;right&quot;:&quot;&quot;,&quot;bottom&quot;:&quot;&quot;,&quot;left&quot;:&quot;&quot;,&quot;isLinked&quot;:true},&quot;element_pack_global_tooltip_border_radius&quot;:{&quot;unit&quot;:&quot;px&quot;,&quot;top&quot;:&quot;&quot;,&quot;right&quot;:&quot;&quot;,&quot;bottom&quot;:&quot;&quot;,&quot;left&quot;:&quot;&quot;,&quot;isLinked&quot;:true},&quot;element_pack_global_tooltip_border_radius_laptop&quot;:{&quot;unit&quot;:&quot;px&quot;,&quot;top&quot;:&quot;&quot;,&quot;right&quot;:&quot;&quot;,&quot;bottom&quot;:&quot;&quot;,&quot;left&quot;:&quot;&quot;,&quot;isLinked&quot;:true},&quot;element_pack_global_tooltip_border_radius_tablet_extra&quot;:{&quot;unit&quot;:&quot;px&quot;,&quot;top&quot;:&quot;&quot;,&quot;right&quot;:&quot;&quot;,&quot;bottom&quot;:&quot;&quot;,&quot;left&quot;:&quot;&quot;,&quot;isLinked&quot;:true},&quot;element_pack_global_tooltip_border_radius_tablet&quot;:{&quot;unit&quot;:&quot;px&quot;,&quot;top&quot;:&quot;&quot;,&quot;right&quot;:&quot;&quot;,&quot;bottom&quot;:&quot;&quot;,&quot;left&quot;:&quot;&quot;,&quot;isLinked&quot;:true},&quot;element_pack_global_tooltip_border_radius_mobile_extra&quot;:{&quot;unit&quot;:&quot;px&quot;,&quot;top&quot;:&quot;&quot;,&quot;right&quot;:&quot;&quot;,&quot;bottom&quot;:&quot;&quot;,&quot;left&quot;:&quot;&quot;,&quot;isLinked&quot;:true},&quot;element_pack_global_tooltip_border_radius_mobile&quot;:{&quot;unit&quot;:&quot;px&quot;,&quot;top&quot;:&quot;&quot;,&quot;right&quot;:&quot;&quot;,&quot;bottom&quot;:&quot;&quot;,&quot;left&quot;:&quot;&quot;,&quot;isLinked&quot;:true}}\" data-elementor-post-type=\"page\">\n\t\t\t\t<div class=\"elementor-element elementor-element-4f42d53 e-flex e-con-boxed e-con e-parent\" data-id=\"4f42d53\" data-element_type=\"container\" data-e-type=\"container\">\n\t\t\t\t\t<div class=\"e-con-inner\">\n\t\t\t\t<div class=\"elementor-element elementor-element-973548a elementor-widget elementor-widget-heading\" data-id=\"973548a\" data-element_type=\"widget\" data-e-type=\"widget\" data-widget_type=\"heading.default\">\n\t\t\t\t<div class=\"elementor-widget-container\">\n\t\t\t\t\t<h2 class=\"elementor-heading-title elementor-size-default\">Algemene voorwaarden<\/h2>\t\t\t\t<\/div>\n\t\t\t\t<\/div>\n\t\t\t\t<div class=\"elementor-element elementor-element-5449f31 elementor-widget elementor-widget-text-editor\" data-id=\"5449f31\" data-element_type=\"widget\" data-e-type=\"widget\" data-widget_type=\"text-editor.default\">\n\t\t\t\t<div class=\"elementor-widget-container\">\n\t\t\t\t\t\t\t\t\t<p class=\"p1\"><b>Laatst bijgewerkt: 11 juni 2025<\/b><\/p>\t\t\t\t\t\t\t\t<\/div>\n\t\t\t\t<\/div>\n\t\t\t\t<div class=\"elementor-element elementor-element-fdbc807 elementor-widget elementor-widget-heading\" data-id=\"fdbc807\" data-element_type=\"widget\" data-e-type=\"widget\" data-widget_type=\"heading.default\">\n\t\t\t\t<div class=\"elementor-widget-container\">\n\t\t\t\t\t<h4 class=\"elementor-heading-title elementor-size-default\">1 Definities<\/h4>\t\t\t\t<\/div>\n\t\t\t\t<\/div>\n\t\t\t\t<div class=\"elementor-element elementor-element-db68100 elementor-widget elementor-widget-text-editor\" data-id=\"db68100\" data-element_type=\"widget\" data-e-type=\"widget\" data-widget_type=\"text-editor.default\">\n\t\t\t\t<div class=\"elementor-widget-container\">\n\t\t\t\t\t\t\t\t\t<p class=\"p1\">In deze Algemene Voorwaarden wordt verstaan onder:<\/p>\n<ul>\n<li class=\"p1\">CycleMasters: CycleMasters B.V., gevestigd te Jan van der Heydenstraat 26, 2665 JA Bleiswijk, Nederland, ingeschreven bij de KvK onder nummer 74468065.<\/li>\n<li class=\"p1\">Gebruiker: de natuurlijke persoon of rechtspersoon die een abonnement afsluit of gebruikmaakt van de diensten van CycleMasters.<\/li>\n<li class=\"p1\">Diensten: alle door CycleMasters aangeboden content en functionaliteiten, waaronder workouts via de app of website.<\/li>\n<\/ul>\t\t\t\t\t\t\t\t<\/div>\n\t\t\t\t<\/div>\n\t\t\t\t<div class=\"elementor-element elementor-element-aec0a82 elementor-widget elementor-widget-heading\" data-id=\"aec0a82\" data-element_type=\"widget\" data-e-type=\"widget\" data-widget_type=\"heading.default\">\n\t\t\t\t<div class=\"elementor-widget-container\">\n\t\t\t\t\t<h4 class=\"elementor-heading-title elementor-size-default\">2. Toepasselijkheid en aanvaarding<\/h4>\t\t\t\t<\/div>\n\t\t\t\t<\/div>\n\t\t\t\t<div class=\"elementor-element elementor-element-00c1075 elementor-widget elementor-widget-text-editor\" data-id=\"00c1075\" data-element_type=\"widget\" data-e-type=\"widget\" data-widget_type=\"text-editor.default\">\n\t\t\t\t<div class=\"elementor-widget-container\">\n\t\t\t\t\t\t\t\t\t<p class=\"p1\">2.1 Deze algemene voorwaarden zijn van toepassing op elk gebruik van de diensten van CycleMasters en op elk afgesloten lidmaatschap.<\/p><p class=\"p1\">2.2 Door het afsluiten van een lidmaatschap of het gebruik van de diensten aanvaardt de gebruiker deze algemene voorwaarden.<\/p>\t\t\t\t\t\t\t\t<\/div>\n\t\t\t\t<\/div>\n\t\t\t\t<div class=\"elementor-element elementor-element-2ed5c7a elementor-widget elementor-widget-heading\" data-id=\"2ed5c7a\" data-element_type=\"widget\" data-e-type=\"widget\" data-widget_type=\"heading.default\">\n\t\t\t\t<div class=\"elementor-widget-container\">\n\t\t\t\t\t<h4 class=\"elementor-heading-title elementor-size-default\">3. Lidmaatschappen en proefperiodes<\/h4>\t\t\t\t<\/div>\n\t\t\t\t<\/div>\n\t\t\t\t<div class=\"elementor-element elementor-element-50ca4cf elementor-widget elementor-widget-text-editor\" data-id=\"50ca4cf\" data-element_type=\"widget\" data-e-type=\"widget\" data-widget_type=\"text-editor.default\">\n\t\t\t\t<div class=\"elementor-widget-container\">\n\t\t\t\t\t\t\t\t\t<p class=\"p1\">3.1 CycleMasters kan nieuwe gebruikers een gratis proefperiode aanbieden. Toekenning hiervan is naar eigen inzicht van CycleMasters.<\/p><p class=\"p1\">3.2 Tijdens de proefperiode kan de gebruiker op elk moment opzeggen. Indien de gebruiker niet opzegt v\u00f3\u00f3r het einde van de proefperiode, wordt het lidmaatschap automatisch omgezet in een betaald lidmaatschap.<\/p><p class=\"p1\">3.3 Na omzetting in een betaald lidmaatschap wordt het termijnbedrag automatisch ge\u00efncasseerd.<\/p>\t\t\t\t\t\t\t\t<\/div>\n\t\t\t\t<\/div>\n\t\t\t\t<div class=\"elementor-element elementor-element-2e6e48a elementor-widget elementor-widget-heading\" data-id=\"2e6e48a\" data-element_type=\"widget\" data-e-type=\"widget\" data-widget_type=\"heading.default\">\n\t\t\t\t<div class=\"elementor-widget-container\">\n\t\t\t\t\t<h4 class=\"elementor-heading-title elementor-size-default\">4. Facturering en betaling<\/h4>\t\t\t\t<\/div>\n\t\t\t\t<\/div>\n\t\t\t\t<div class=\"elementor-element elementor-element-198354c elementor-widget elementor-widget-text-editor\" data-id=\"198354c\" data-element_type=\"widget\" data-e-type=\"widget\" data-widget_type=\"text-editor.default\">\n\t\t\t\t<div class=\"elementor-widget-container\">\n\t\t\t\t\t\t\t\t\t<p class=\"p1\">4.1 Betaling vindt plaats via automatische incasso of een andere door CycleMasters aangeboden methode.<\/p><p class=\"p1\">4.2 Bij mislukte betalingen behoudt CycleMasters zich het recht voor de toegang tot de diensten te blokkeren totdat de betaling alsnog is voldaan.<\/p><p class=\"p1\">4.3 De gebruiker kan de betaalmethode wijzigen via het account op de website.<\/p>\t\t\t\t\t\t\t\t<\/div>\n\t\t\t\t<\/div>\n\t\t\t\t<div class=\"elementor-element elementor-element-09a5060 elementor-widget elementor-widget-heading\" data-id=\"09a5060\" data-element_type=\"widget\" data-e-type=\"widget\" data-widget_type=\"heading.default\">\n\t\t\t\t<div class=\"elementor-widget-container\">\n\t\t\t\t\t<h4 class=\"elementor-heading-title elementor-size-default\">5. Bike+ lidmaatschap en gebruik van de fiets<\/h4>\t\t\t\t<\/div>\n\t\t\t\t<\/div>\n\t\t\t\t<div class=\"elementor-element elementor-element-c24c04d elementor-widget elementor-widget-text-editor\" data-id=\"c24c04d\" data-element_type=\"widget\" data-e-type=\"widget\" data-widget_type=\"text-editor.default\">\n\t\t\t\t<div class=\"elementor-widget-container\">\n\t\t\t\t\t\t\t\t\t<p>5.1 Bij een Bike+ lidmaatschap huur je een fiets in combinatie met toegang tot onze workouts. De fiets blijft gedurende de looptijd eigendom van CycleMasters.<\/p><p>5.2 Aan het einde van de afgesproken huurperiode wordt de gebruiker geen eigenaar van de fiets. De fiets dient te worden geretourneerd aan CycleMasters, tenzij vooraf uitdrukkelijk is aangegeven dat de gebruiker de fiets wil overnemen.<\/p><p>5.3 Indien er een betalingsachterstand ontstaat, ontvangt de gebruiker \u00e9\u00e9n of meerdere herinneringen voor het openstaande bedrag van de betreffende maand(en).<\/p><p>5.4 Blijft betaling \u00e9n reactie uit, dan ontvangt de gebruiker een laatste waarschuwing. Daarin wordt gemeld dat, wegens het uitblijven van communicatie en betaling, een afkoopbedrag van 80% van het totale contractbedrag in rekening wordt gebracht. Daarnaast krijgt de gebruiker \u00e9\u00e9nmalig de mogelijkheid om binnen 5 dagen een afspraak te maken voor het ophalen van de fiets.<\/p><p>5.5 Indien de gebruiker geen afspraak maakt binnen deze 5 dagen, dan wordt naast het afkoopbedrag ook het volledige overnamebedrag van de fiets in rekening gebracht. Deze bedragen worden vervolgens ter incasso overgedragen aan een extern incassobureau voor verdere afhandeling.<\/p>\t\t\t\t\t\t\t\t<\/div>\n\t\t\t\t<\/div>\n\t\t\t\t<div class=\"elementor-element elementor-element-e85159b elementor-widget elementor-widget-heading\" data-id=\"e85159b\" data-element_type=\"widget\" data-e-type=\"widget\" data-widget_type=\"heading.default\">\n\t\t\t\t<div class=\"elementor-widget-container\">\n\t\t\t\t\t<h4 class=\"elementor-heading-title elementor-size-default\">6. Opzegging en wijzigingen<\/h4>\t\t\t\t<\/div>\n\t\t\t\t<\/div>\n\t\t\t\t<div class=\"elementor-element elementor-element-0de547f elementor-widget elementor-widget-text-editor\" data-id=\"0de547f\" data-element_type=\"widget\" data-e-type=\"widget\" data-widget_type=\"text-editor.default\">\n\t\t\t\t<div class=\"elementor-widget-container\">\n\t\t\t\t\t\t\t\t\t<p class=\"p1\">6.1 Het lidmaatschap kan op elk moment worden opgezegd via het persoonlijke account.<\/p><p class=\"p1\">6.2 Een opzegging gaat in aan het einde van de huidige betaalperiode.<\/p><p class=\"p1\">6.3 Wijzigingen aan het lidmaatschap kunnen tot uiterlijk 1 dag voor de volgende incassodatum worden doorgevoerd.<\/p>\t\t\t\t\t\t\t\t<\/div>\n\t\t\t\t<\/div>\n\t\t\t\t<div class=\"elementor-element elementor-element-23868f8 elementor-widget elementor-widget-heading\" data-id=\"23868f8\" data-element_type=\"widget\" data-e-type=\"widget\" data-widget_type=\"heading.default\">\n\t\t\t\t<div class=\"elementor-widget-container\">\n\t\t\t\t\t<h4 class=\"elementor-heading-title elementor-size-default\">7. Gebruikersaccount en toegang\n<\/h4>\t\t\t\t<\/div>\n\t\t\t\t<\/div>\n\t\t\t\t<div class=\"elementor-element elementor-element-74b6ccb elementor-widget elementor-widget-text-editor\" data-id=\"74b6ccb\" data-element_type=\"widget\" data-e-type=\"widget\" data-widget_type=\"text-editor.default\">\n\t\t\t\t<div class=\"elementor-widget-container\">\n\t\t\t\t\t\t\t\t\t<p class=\"p1\">7.1 De gebruiker is verantwoordelijk voor het vertrouwelijk houden van inloggegevens.<\/p><p class=\"p1\">7.2 Het account is persoonlijk en mag niet worden gedeeld met anderen, tenzij anders aangegeven (bijvoorbeeld bij Family-lidmaatschappen).<\/p>\t\t\t\t\t\t\t\t<\/div>\n\t\t\t\t<\/div>\n\t\t\t\t<div class=\"elementor-element elementor-element-2d89aef elementor-widget elementor-widget-heading\" data-id=\"2d89aef\" data-element_type=\"widget\" data-e-type=\"widget\" data-widget_type=\"heading.default\">\n\t\t\t\t<div class=\"elementor-widget-container\">\n\t\t\t\t\t<h4 class=\"elementor-heading-title elementor-size-default\">8. Bijzondere omstandigheden<\/h4>\t\t\t\t<\/div>\n\t\t\t\t<\/div>\n\t\t\t\t<div class=\"elementor-element elementor-element-87765bb elementor-widget elementor-widget-text-editor\" data-id=\"87765bb\" data-element_type=\"widget\" data-e-type=\"widget\" data-widget_type=\"text-editor.default\">\n\t\t\t\t<div class=\"elementor-widget-container\">\n\t\t\t\t\t\t\t\t\t<p class=\"p1\">Soms verandert het leven onverwacht. Daarom zijn er uitzonderingen mogelijk voor lopende contracten:<\/p><ul><li><p class=\"p1\"><span class=\"s1\"><b>Overlijden:<\/b><\/span> Bij overlijden van de gebruiker stopt het lidmaatschap direct en zonder kosten.<\/p><\/li><li><p class=\"p1\"><span class=\"s1\"><b>Langdurige ziekte:<\/b><\/span> Kun je langere tijd niet sporten door een medische reden (met een doktersverklaring zonder diagnose), dan kun je het contract afkopen tegen 65% van het totaalbedrag van de looptijd, min wat al betaald is.<\/p><\/li><li><p class=\"p1\"><span class=\"s1\"><b>Tijdelijke ziekte:<\/b><\/span> Ben je tijdelijk uit de roulatie door ziekte? Dan kun je je lidmaatschap \u00e9\u00e9n keer pauzeren voor maximaal 2 maanden.<\/p><\/li><li><p class=\"p1\"><span class=\"s1\"><b>Andere gevallen:<\/b><\/span> Wil je eerder stoppen zonder dringende reden? Dan kan dat tegen een afkoopsom van 80% van het totale bedrag van het contract, min wat je al hebt betaald.<\/p><\/li><\/ul>\t\t\t\t\t\t\t\t<\/div>\n\t\t\t\t<\/div>\n\t\t\t\t<div class=\"elementor-element elementor-element-4b2edad elementor-widget elementor-widget-heading\" data-id=\"4b2edad\" data-element_type=\"widget\" data-e-type=\"widget\" data-widget_type=\"heading.default\">\n\t\t\t\t<div class=\"elementor-widget-container\">\n\t\t\t\t\t<h4 class=\"elementor-heading-title elementor-size-default\">9. Aansprakelijkheid<\/h4>\t\t\t\t<\/div>\n\t\t\t\t<\/div>\n\t\t\t\t<div class=\"elementor-element elementor-element-79a5b09 elementor-widget elementor-widget-text-editor\" data-id=\"79a5b09\" data-element_type=\"widget\" data-e-type=\"widget\" data-widget_type=\"text-editor.default\">\n\t\t\t\t<div class=\"elementor-widget-container\">\n\t\t\t\t\t\t\t\t\t<p>9.1 CycleMasters spant zich in om haar diensten veilig en zorgvuldig aan te bieden. Toch kan het voorkomen dat er iets misgaat. CycleMasters is niet aansprakelijk voor schade die ontstaat door het gebruik van de diensten, tenzij er sprake is van opzet of bewuste roekeloosheid.<\/p><p>9.2 CycleMasters is in geen geval aansprakelijk voor lichamelijk letsel of schade aan persoonlijke eigendommen die voortvloeit uit het gebruik van de gehuurde fiets of het volgen van workouts, tenzij die schade het directe gevolg is van een aantoonbare tekortkoming aan het product of een fout van CycleMasters.<\/p><p>9.3 De totale aansprakelijkheid van CycleMasters is beperkt tot het bedrag dat de gebruiker in de drie maanden voorafgaand aan het incident aan CycleMasters heeft betaald.<\/p>\t\t\t\t\t\t\t\t<\/div>\n\t\t\t\t<\/div>\n\t\t\t\t<div class=\"elementor-element elementor-element-77d27db elementor-widget elementor-widget-heading\" data-id=\"77d27db\" data-element_type=\"widget\" data-e-type=\"widget\" data-widget_type=\"heading.default\">\n\t\t\t\t<div class=\"elementor-widget-container\">\n\t\t\t\t\t<h4 class=\"elementor-heading-title elementor-size-default\">10. Wijzigingen van de voorwaarden<\/h4>\t\t\t\t<\/div>\n\t\t\t\t<\/div>\n\t\t\t\t<div class=\"elementor-element elementor-element-9d75c12 elementor-widget elementor-widget-text-editor\" data-id=\"9d75c12\" data-element_type=\"widget\" data-e-type=\"widget\" data-widget_type=\"text-editor.default\">\n\t\t\t\t<div class=\"elementor-widget-container\">\n\t\t\t\t\t\t\t\t\t<p class=\"p1\">10.1 CycleMasters behoudt zich het recht voor deze algemene voorwaarden te wijzigen.<\/p><p class=\"p1\">10.2 Wijzigingen worden minimaal 30 dagen voor inwerkingtreding gecommuniceerd via e-mail of het platform.<\/p><p class=\"p1\">10.3 Indien de gebruiker niet akkoord gaat met de wijziging, kan deze het lidmaatschap be\u00ebindigen v\u00f3\u00f3r de ingangsdatum van de wijziging.<\/p>\t\t\t\t\t\t\t\t<\/div>\n\t\t\t\t<\/div>\n\t\t\t\t<div class=\"elementor-element elementor-element-76f8c50 elementor-widget elementor-widget-heading\" data-id=\"76f8c50\" data-element_type=\"widget\" data-e-type=\"widget\" data-widget_type=\"heading.default\">\n\t\t\t\t<div class=\"elementor-widget-container\">\n\t\t\t\t\t<h4 class=\"elementor-heading-title elementor-size-default\">11. Privacy<\/h4>\t\t\t\t<\/div>\n\t\t\t\t<\/div>\n\t\t\t\t<div class=\"elementor-element elementor-element-d7fee4f elementor-widget elementor-widget-text-editor\" data-id=\"d7fee4f\" data-element_type=\"widget\" data-e-type=\"widget\" data-widget_type=\"text-editor.default\">\n\t\t\t\t<div class=\"elementor-widget-container\">\n\t\t\t\t\t\t\t\t\t<p class=\"p1\">CycleMasters verwerkt persoonsgegevens in overeenstemming met de geldende privacywetgeving. Meer informatie is te vinden in ons <a href=\"https:\/\/cyclemasters.com\/nl\/privacy\">privacybeleid<\/a>.<\/p>\t\t\t\t\t\t\t\t<\/div>\n\t\t\t\t<\/div>\n\t\t\t\t<div class=\"elementor-element elementor-element-142567c elementor-widget elementor-widget-heading\" data-id=\"142567c\" data-element_type=\"widget\" data-e-type=\"widget\" data-widget_type=\"heading.default\">\n\t\t\t\t<div class=\"elementor-widget-container\">\n\t\t\t\t\t<h4 class=\"elementor-heading-title elementor-size-default\">12. Toepasselijk recht en geschillen<\/h4>\t\t\t\t<\/div>\n\t\t\t\t<\/div>\n\t\t\t\t<div class=\"elementor-element elementor-element-4594633 elementor-widget elementor-widget-text-editor\" data-id=\"4594633\" data-element_type=\"widget\" data-e-type=\"widget\" data-widget_type=\"text-editor.default\">\n\t\t\t\t<div class=\"elementor-widget-container\">\n\t\t\t\t\t\t\t\t\t<p class=\"p1\">12.1 Op deze algemene voorwaarden is uitsluitend Nederlands recht van toepassing.<\/p><p class=\"p1\">12.2 Geschillen kunnen worden voorgelegd aan de bevoegde rechter in Nederland, of \u2013 indien de gebruiker een consument is \u2013 aan de rechter van de woonplaats van de gebruiker.<\/p><p class=\"p1\">12.3 Gebruikers in de EU kunnen ook gebruikmaken van het Europese ODR-platform: https:\/\/ec.europa.eu\/consumers\/odr\/<\/p>\t\t\t\t\t\t\t\t<\/div>\n\t\t\t\t<\/div>\n\t\t\t\t<div class=\"elementor-element elementor-element-06bd960 elementor-widget elementor-widget-heading\" data-id=\"06bd960\" data-element_type=\"widget\" data-e-type=\"widget\" data-widget_type=\"heading.default\">\n\t\t\t\t<div class=\"elementor-widget-container\">\n\t\t\t\t\t<h4 class=\"elementor-heading-title elementor-size-default\">13. Contact<\/h4>\t\t\t\t<\/div>\n\t\t\t\t<\/div>\n\t\t\t\t<div class=\"elementor-element elementor-element-1bb4707 elementor-widget elementor-widget-text-editor\" data-id=\"1bb4707\" data-element_type=\"widget\" data-e-type=\"widget\" data-widget_type=\"text-editor.default\">\n\t\t\t\t<div class=\"elementor-widget-container\">\n\t\t\t\t\t\t\t\t\t<p class=\"p1\">Voor vragen of opmerkingen kun je contact opnemen via <a href=\"mailto:support@cyclemasters.com\">support@cyclemasters.com<\/a> of telefonisch op 085 888 2853 (bereikbaar van maandag t\/m vrijdag van 9:00 tot 17:00).<\/p>\t\t\t\t\t\t\t\t<\/div>\n\t\t\t\t<\/div>\n\t\t\t\t\t<\/div>\n\t\t\t\t<\/div>\n\t\t\t\t<\/div>\n\t\t","protected":false},"excerpt":{"rendered":"<p>Algemene voorwaarden Laatst bijgewerkt: 11 juni 2025 1 Definities In deze Algemene Voorwaarden wordt verstaan onder: CycleMasters: CycleMasters B.V., gevestigd te Jan [&hellip;]<\/p>\n","protected":false},"author":2,"featured_media":0,"parent":0,"menu_order":0,"comment_status":"closed","ping_status":"closed","template":"","meta":{"_acf_changed":false,"footnotes":""},"class_list":["post-15024435","page","type-page","status-publish","hentry"],"acf":[],"_links":{"self":[{"href":"https:\/\/cyclemasters.com\/nl\/wp-json\/wp\/v2\/pages\/15024435","targetHints":{"allow":["GET"]}}],"collection":[{"href":"https:\/\/cyclemasters.com\/nl\/wp-json\/wp\/v2\/pages"}],"about":[{"href":"https:\/\/cyclemasters.com\/nl\/wp-json\/wp\/v2\/types\/page"}],"author":[{"embeddable":true,"href":"https:\/\/cyclemasters.com\/nl\/wp-json\/wp\/v2\/users\/2"}],"replies":[{"embeddable":true,"href":"https:\/\/cyclemasters.com\/nl\/wp-json\/wp\/v2\/comments?post=15024435"}],"version-history":[{"count":10,"href":"https:\/\/cyclemasters.com\/nl\/wp-json\/wp\/v2\/pages\/15024435\/revisions"}],"predecessor-version":[{"id":15032350,"href":"https:\/\/cyclemasters.com\/nl\/wp-json\/wp\/v2\/pages\/15024435\/revisions\/15032350"}],"wp:attachment":[{"href":"https:\/\/cyclemasters.com\/nl\/wp-json\/wp\/v2\/media?parent=15024435"}],"curies":[{"name":"wp","href":"https:\/\/api.w.org\/{rel}","templated":true}]}}